{"id":132544,"date":"2025-01-27T17:01:26","date_gmt":"2025-01-27T16:01:26","guid":{"rendered":"https:\/\/france-invest.vigicorp.work\/?page_id=132544"},"modified":"2025-04-02T17:15:16","modified_gmt":"2025-04-02T15:15:16","slug":"governance","status":"publish","type":"page","link":"https:\/\/france-invest.vigicorp.work\/en\/governance\/","title":{"rendered":"Governance and team"},"content":{"rendered":"\n<div class=\"wp-block-group is-style-bg-grey\"><div class=\"wp-block-group__inner-container is-layout-constrained wp-block-group-is-layout-constrained\">\n<h4 class=\"wp-block-heading\">\ud83d\udc68\ud83c\udffc\u200d\ud83d\udcbc In line with the business activities of our members<\/h4>\n\n\n\n<p>The governing bodies of France Invest uphold the growing diversity of the business activities of our members. They are governed by our Articles of Association.<\/p>\n\n\n\n<p>France Invest has modern, transparent, and efficient governance, relying on a Board of Directors, an Executive Bureau, an Executive Committee, a Selection Committee, an Ethics Committee, a General Director, and a team of <a href=\"#team\">around twenty permanent staff members.<\/a><\/p>\n<\/div><\/div>\n\n\n\n<div style=\"height:43px\" aria-hidden=\"true\" class=\"wp-block-spacer\"><\/div>\n\n\n\n<div class=\"wp-block-columns is-layout-flex wp-container-core-columns-is-layout-9d6595d7 wp-block-columns-is-layout-flex\">\n<div class=\"wp-block-column is-layout-flow wp-block-column-is-layout-flow\">\n<h4 class=\"wp-block-heading\">\ud83d\udd38Board of Directors<\/h4>\n\n\n\n<p>The engine behind the Association&#8217;s strategy, the Board of Directors determines its direction and ensures its implementation. Subject to the powers of the General Assembly and within the limits of the Association&#8217;s purpose, it can address any issue relevant to the proper functioning of the Association and handle relevant matters. Its Chair is elected for a two-year term.<\/p>\n<\/div>\n\n\n\n<div class=\"wp-block-column is-layout-flow wp-block-column-is-layout-flow\">\n<h5 class=\"wp-block-heading\"><strong>Composition as of June 11th<\/strong><\/h5>\n\n\n\n<p><strong>Chair: <\/strong><br>Bertrand Rambaud, Siparex<strong><br><br>Vice-Chairs : <\/strong>Isabelle Combarel, Ark\u00e9a Capital ; Christophe Deldycke, Turenne Capital ; Christine Demode, M\u00e9rieux Equity Partners and Fabrice Dumonteil, Eiffel Investment Group<strong><br><br>Other Board Members :<\/strong> Marie Arnaud-Battandier, Ardian ; Nicolas Celier, Ring Capital ; Gwenola Chambon, Vauban Infrastructure Partners ; Guillaume Cousseran, Apax by Seven2 ; Anne-C\u00e9cile Guitton, NCI ; Guillaume Jacqueau, Equistone Partners Europe ; Gwenaelle Le Ho Daguzan, Ambienta ; C\u00e9cile Mayer-L\u00e9vi, Tikehau Investment Management ; Eric Neuplanche, Capital Croissance ; Pauline Roux, Elaia Partners and Martin Vial, Montefiore Investment. <br><\/p>\n<\/div>\n<\/div>\n\n\n\n<div class=\"wp-block-group is-style-bg-grey\"><div class=\"wp-block-group__inner-container is-layout-constrained wp-block-group-is-layout-constrained\">\n<div class=\"wp-block-columns is-layout-flex wp-container-core-columns-is-layout-9d6595d7 wp-block-columns-is-layout-flex\">\n<div class=\"wp-block-column is-layout-flow wp-block-column-is-layout-flow\">\n<h4 class=\"wp-block-heading\">\ud83d\udd38The Executive Committee<\/h4>\n\n\n\n<p><br>The Executive Committee ensures the implementation of the decisions made by the Board of Directors, oversees and monitors the actions of the Association, prepares positions, and serves as an audit committee to monitor and control the budget.<br>It consists of the Chair, Vice Chairs, Treasurer, and the General Director. The Executive Committee meets as often as the interests of the Association require and reports on its actions to the Board of Directors.<\/p>\n<\/div>\n\n\n\n<div class=\"wp-block-column is-layout-flow wp-block-column-is-layout-flow\">\n<h5 class=\"wp-block-heading\"><strong>Composition as of June 11, 2024<\/strong><\/h5>\n\n\n\n<p><br><strong>Chair:<\/strong><br>Bertrand Rambaud, Siparex<br><br><strong>Vice Chairs:<\/strong><br>Isabelle Combarel, Ark\u00e9a Capital ; Christophe Deldycke, Turenne Capital ; Christine Demode, M\u00e9rieux, Equity Partners ; Fabrice Dumonteil, Eiffel Investment Group<br><br><strong>Treasurer:<\/strong><br>Christine Demode, M\u00e9rieux Equity Partners<\/p>\n<\/div>\n<\/div>\n\n\n\n<p><\/p>\n<\/div><\/div>\n\n\n\n<div class=\"wp-block-columns is-layout-flex wp-container-core-columns-is-layout-9d6595d7 wp-block-columns-is-layout-flex\">\n<div class=\"wp-block-column is-layout-flow wp-block-column-is-layout-flow\"><\/div>\n<\/div>\n\n\n\n<h4 class=\"wp-block-heading\"><strong>Selection Committee<\/strong><\/h4>\n\n\n\n<p>The Selection Committee, chaired by Dominique Gaillard, Armen, and former Chair of France Invest, identifies, reviews, and selects candidates for the positions of Chair, Board Members of the Association, and members of certain committees or commissions. It defines the qualifications required for these roles and ensures the long-term cohesion and renewal of the Association&#8217;s various bodies.<\/p>\n\n\n\n<h4 class=\"wp-block-heading\"><strong>Ethics Committee<\/strong><\/h4>\n\n\n\n<p>The Ethics Committee is dedicated to developing and promoting adherence to ethical principles and best practices. <\/p>\n\n\n\n<h4 class=\"wp-block-heading\">General Director<\/h4>\n\n\n\n<p>Appointed by the Board of Directors upon the proposal of the Executive Committee, the General Director is responsible for the effective management of the Association, implementing the decisions of the Board of Directors, overseeing advocacy and communication efforts, preparing and executing budgets, and managing relations between the Association and its members as well as with partner organizations. The General Director reports on their mission to the Board of Directors and to the members of the Association during General Assemblies.<\/p>\n\n\n\n<h2 class=\"wp-block-heading\" id=\"team\">About twenty full-time staff members<\/h2>\n\n\n\n<div class=\"wp-block-group\"><div class=\"wp-block-group__inner-container is-layout-flow wp-block-group-is-layout-flow\">\n<div class=\"wp-block-columns is-layout-flex wp-container-core-columns-is-layout-9d6595d7 wp-block-columns-is-layout-flex\">\n<div class=\"wp-block-column is-layout-flow wp-block-column-is-layout-flow\" style=\"flex-basis:66.66%\">\n<p>Our team implements the directions and decisions made by the Board of Directors and the Executive Committee. It operates under the responsibility of the CEO and is organized around key areas of action.<\/p>\n<\/div>\n\n\n\n<div class=\"wp-block-column is-layout-flow wp-block-column-is-layout-flow\" style=\"flex-basis:33.33%\"><\/div>\n<\/div>\n<\/div><\/div>\n\n\n\n<div class=\"wp-block-group\"><div class=\"wp-block-group__inner-container is-layout-flow wp-block-group-is-layout-flow\">\n<div class=\"wp-block-columns is-layout-flex wp-container-core-columns-is-layout-9d6595d7 wp-block-columns-is-layout-flex\">\n<div class=\"wp-block-column is-layout-flow wp-block-column-is-layout-flow\">\n<h2 class=\"wp-block-heading\">General Management<\/h2>\n\n\n\n<p>Alexis Dupont, General Director<br>Colette Mutabesha, Executive Assistant &amp; Member Relations Manager<br>Val\u00e9rie Deville-Marache, Administrative, Financial, and Human Resources Director<\/p>\n<\/div>\n<\/div>\n<\/div><\/div>\n\n\n\n<div class=\"wp-block-group is-style-bg-grey\"><div class=\"wp-block-group__inner-container is-layout-flow wp-block-group-is-layout-flow\">\n<div class=\"wp-block-columns is-layout-flex wp-container-core-columns-is-layout-9d6595d7 wp-block-columns-is-layout-flex\">\n<div class=\"wp-block-column is-layout-flow wp-block-column-is-layout-flow\">\n<h2 class=\"wp-block-heading\">Influence and Members<\/h2>\n\n\n\n<p>Carine Delfrayssi, Director of External Affairs, Secretary of the Ethics Committee<br>Caroline Steil, Director of Policy, Legal, and Tax<br>Damien Brisemontier, Head of Institutional Affairs and Sustainable Finance<br>Marine Oddo Egnell, Head of Regulation and Ecosystem<br>Edouard Durand, Head of Investor Relations and International Affairs<br>Ozan Ufak, Legal and Regulatory Affairs Manager<\/p>\n<\/div>\n<\/div>\n<\/div><\/div>\n\n\n\n<div class=\"wp-block-group\"><div class=\"wp-block-group__inner-container is-layout-flow wp-block-group-is-layout-flow\">\n<div class=\"wp-block-columns is-layout-flex wp-container-core-columns-is-layout-9d6595d7 wp-block-columns-is-layout-flex\">\n<div class=\"wp-block-column is-layout-flow wp-block-column-is-layout-flow\">\n<h2 class=\"wp-block-heading\">Communication<\/h2>\n\n\n\n<p>Laetitia Gesp, Communication Director<br>Marine d&#8217;Halluin, Digital Manager<br>Mathieu Hugues, External Communications and Public Relations Manager<br>L\u00e9a Luong, 360 Communication Project Manager<\/p>\n<\/div>\n<\/div>\n<\/div><\/div>\n\n\n\n<div class=\"wp-block-group is-style-bg-grey\"><div class=\"wp-block-group__inner-container is-layout-flow wp-block-group-is-layout-flow\">\n<div class=\"wp-block-columns is-layout-flex wp-container-core-columns-is-layout-9d6595d7 wp-block-columns-is-layout-flex\">\n<div class=\"wp-block-column is-layout-flow wp-block-column-is-layout-flow\">\n<h2 class=\"wp-block-heading\">Events et Clubs &amp; Commissions<\/h2>\n\n\n\n<p>Mathieu L\u00e9lu, Director of Development, Member Relations, and Events<br>Valentin Laigre, Head of Clubs, Committees, and Entrepreneurs<br>Apolline Fourn, Project Manager, Community Coordination<br>Cl\u00e9ment Courtois, Event and Partnership Manager<br>Franck Duquenoy, Event Project Manager<\/p>\n<\/div>\n<\/div>\n<\/div><\/div>\n\n\n\n<div class=\"wp-block-group\"><div class=\"wp-block-group__inner-container is-layout-flow wp-block-group-is-layout-flow\">\n<div class=\"wp-block-columns is-layout-flex wp-container-core-columns-is-layout-9d6595d7 wp-block-columns-is-layout-flex\">\n<div class=\"wp-block-column is-layout-flow wp-block-column-is-layout-flow\">\n<h2 class=\"wp-block-heading\">Economic Studies and Statistics<\/h2>\n\n\n\n<p>Simon Ponroy, Director of Economic Studies and Statistics<br>Julie Dubernet, Economist<br>Alice Nivet, Economic and Statistical Studies Officer<br>Lucas Rouhaud, Economic and Statistical Studies Officer<br>Corentin Chalaux, Data Scientist<\/p>\n<\/div>\n<\/div>\n<\/div><\/div>\n\n\n\n<div class=\"wp-block-group is-style-bg-grey\"><div class=\"wp-block-group__inner-container is-layout-flow wp-block-group-is-layout-flow\">\n<div class=\"wp-block-columns is-layout-flex wp-container-core-columns-is-layout-9d6595d7 wp-block-columns-is-layout-flex\">\n<div class=\"wp-block-column is-layout-flow wp-block-column-is-layout-flow\">\n<h2 class=\"wp-block-heading\">Training<\/h2>\n\n\n\n<p>Anne Delom, Training Director<br>Sabrina Cruto, Training Manager<br>Sandrine T\u00e9telin, Training Manager<\/p>\n\n\n\n<div class=\"wp-block-columns is-layout-flex wp-container-core-columns-is-layout-9d6595d7 wp-block-columns-is-layout-flex\">\n<div class=\"wp-block-column is-layout-flow wp-block-column-is-layout-flow\"><\/div>\n<\/div>\n<\/div>\n<\/div>\n<\/div><\/div>\n","protected":false},"excerpt":{"rendered":"<p>\ud83d\udc68\ud83c\udffc\u200d\ud83d\udcbc In line with the business activities of our members The governing bodies of France Invest uphold the growing diversity of the business activities of our members. They are governed by our Articles of Association. France Invest has modern, transparent, and efficient governance, relying on a Board of Directors, an Executive Bureau, an Executive Committee, [&hellip;]<\/p>\n","protected":false},"author":4,"featured_media":0,"parent":0,"menu_order":0,"comment_status":"closed","ping_status":"closed","template":"","meta":{"_acf_changed":false,"footnotes":""},"class_list":["post-132544","page","type-page","status-publish","hentry"],"acf":[],"_links":{"self":[{"href":"https:\/\/france-invest.vigicorp.work\/en\/wp-json\/wp\/v2\/pages\/132544","targetHints":{"allow":["GET"]}}],"collection":[{"href":"https:\/\/france-invest.vigicorp.work\/en\/wp-json\/wp\/v2\/pages"}],"about":[{"href":"https:\/\/france-invest.vigicorp.work\/en\/wp-json\/wp\/v2\/types\/page"}],"author":[{"embeddable":true,"href":"https:\/\/france-invest.vigicorp.work\/en\/wp-json\/wp\/v2\/users\/4"}],"replies":[{"embeddable":true,"href":"https:\/\/france-invest.vigicorp.work\/en\/wp-json\/wp\/v2\/comments?post=132544"}],"version-history":[{"count":0,"href":"https:\/\/france-invest.vigicorp.work\/en\/wp-json\/wp\/v2\/pages\/132544\/revisions"}],"wp:attachment":[{"href":"https:\/\/france-invest.vigicorp.work\/en\/wp-json\/wp\/v2\/media?parent=132544"}],"curies":[{"name":"wp","href":"https:\/\/api.w.org\/{rel}","templated":true}]}}